{"id":182,"date":"2024-11-21T22:38:38","date_gmt":"2024-11-21T21:38:38","guid":{"rendered":"https:\/\/beautyinstitute.zabiegibeauty.pl\/?page_id=182"},"modified":"2024-11-21T22:39:56","modified_gmt":"2024-11-21T21:39:56","slug":"koniec","status":"publish","type":"page","link":"https:\/\/beautyinstitute.zabiegibeauty.pl\/?page_id=182","title":{"rendered":"Koniec"},"content":{"rendered":"\t\t<div data-elementor-type=\"wp-page\" data-elementor-id=\"182\" class=\"elementor elementor-182\">\n\t\t\t\t\t\t<section class=\"elementor-section elementor-top-section elementor-element elementor-element-9b640a6 elementor-section-boxed elementor-section-height-default elementor-section-height-default wpr-particle-no wpr-jarallax-no wpr-parallax-no wpr-sticky-section-no\" data-id=\"9b640a6\" data-element_type=\"section\" data-settings=\"{&quot;background_background&quot;:&quot;classic&quot;}\">\n\t\t\t\t\t\t\t<div class=\"elementor-background-overlay\"><\/div>\n\t\t\t\t\t\t\t<div class=\"elementor-container elementor-column-gap-default\">\n\t\t\t\t\t<div class=\"elementor-column elementor-col-100 elementor-top-column elementor-element elementor-element-388148c elementor-invisible\" data-id=\"388148c\" data-element_type=\"column\" data-settings=\"{&quot;animation&quot;:&quot;fadeIn&quot;}\">\n\t\t\t<div class=\"elementor-widget-wrap elementor-element-populated\">\n\t\t\t\t\t\t<div class=\"elementor-element elementor-element-058a414 elementor-widget elementor-widget-heading\" data-id=\"058a414\" data-element_type=\"widget\" data-widget_type=\"heading.default\">\n\t\t\t\t<div class=\"elementor-widget-container\">\n\t\t\t\t\t<h2 class=\"elementor-heading-title elementor-size-default\">Oferta Specjalna<\/h2>\t\t\t\t<\/div>\n\t\t\t\t<\/div>\n\t\t\t\t<div class=\"elementor-element elementor-element-66c256b elementor-widget elementor-widget-progress\" data-id=\"66c256b\" data-element_type=\"widget\" data-widget_type=\"progress.default\">\n\t\t\t\t<div class=\"elementor-widget-container\">\n\t\t\t\t\t\t\t\t<span class=\"elementor-title\" id=\"elementor-progress-bar-66c256b\">\n\t\t\t\tZapis\t\t\t<\/span>\n\t\t\n\t\t<div aria-labelledby=\"elementor-progress-bar-66c256b\" class=\"elementor-progress-wrapper\" role=\"progressbar\" aria-valuemin=\"0\" aria-valuemax=\"100\" aria-valuenow=\"100\" aria-valuetext=\"100% (Zapis na wizyt\u0119)\">\n\t\t\t<div class=\"elementor-progress-bar\" data-max=\"100\">\n\t\t\t\t<span class=\"elementor-progress-text\">Zapis na wizyt\u0119<\/span>\n\t\t\t\t\t\t\t\t\t<span class=\"elementor-progress-percentage\">100%<\/span>\n\t\t\t\t\t\t\t<\/div>\n\t\t<\/div>\n\t\t\t\t\t\t<\/div>\n\t\t\t\t<\/div>\n\t\t\t\t<div class=\"elementor-element elementor-element-233b2e8 elementor-widget elementor-widget-counter\" data-id=\"233b2e8\" data-element_type=\"widget\" data-widget_type=\"counter.default\">\n\t\t\t\t<div class=\"elementor-widget-container\">\n\t\t\t\t\t\t\t<div class=\"elementor-counter\">\n\t\t\t<div class=\"elementor-counter-title\">Za Tob\u0105<\/div>\t\t\t<div class=\"elementor-counter-number-wrapper\">\n\t\t\t\t<span class=\"elementor-counter-number-prefix\"><\/span>\n\t\t\t\t<span class=\"elementor-counter-number\" data-duration=\"2000\" data-to-value=\"100\" data-from-value=\"0\" data-delimiter=\",\">0<\/span>\n\t\t\t\t<span class=\"elementor-counter-number-suffix\">%<\/span>\n\t\t\t<\/div>\n\t\t<\/div>\n\t\t\t\t\t\t<\/div>\n\t\t\t\t<\/div>\n\t\t\t\t<div class=\"elementor-element elementor-element-12fb46a elementor-widget elementor-widget-heading\" data-id=\"12fb46a\" data-element_type=\"widget\" data-widget_type=\"heading.default\">\n\t\t\t\t<div class=\"elementor-widget-container\">\n\t\t\t\t\t<h2 class=\"elementor-heading-title elementor-size-default\">Dzi\u0119kujemy za zapis w formularzu.<br>Kliknij przycisk poni\u017cej, aby zadzwoni\u0107 do salonu<br>i um\u00f3wi\u0107 dogodny dla Ciebie termin.<\/h2>\t\t\t\t<\/div>\n\t\t\t\t<\/div>\n\t\t\t\t<div class=\"elementor-element elementor-element-270cbe2 elementor-align-center elementor-widget elementor-widget-button\" data-id=\"270cbe2\" data-element_type=\"widget\" data-widget_type=\"button.default\">\n\t\t\t\t<div class=\"elementor-widget-container\">\n\t\t\t\t\t\t\t\t\t<div class=\"elementor-button-wrapper\">\n\t\t\t\t\t<a class=\"elementor-button elementor-button-link elementor-size-sm\" href=\"tel:690380809\">\n\t\t\t\t\t\t<span class=\"elementor-button-content-wrapper\">\n\t\t\t\t\t\t\t\t\t<span class=\"elementor-button-text\">Zadzwo\u0144 do salonu!<\/span>\n\t\t\t\t\t<\/span>\n\t\t\t\t\t<\/a>\n\t\t\t\t<\/div>\n\t\t\t\t\t\t\t\t<\/div>\n\t\t\t\t<\/div>\n\t\t\t\t<div class=\"elementor-element elementor-element-9f78fb5 elementor-widget elementor-widget-heading\" data-id=\"9f78fb5\" data-element_type=\"widget\" data-widget_type=\"heading.default\">\n\t\t\t\t<div class=\"elementor-widget-container\">\n\t\t\t\t\t<h2 class=\"elementor-heading-title elementor-size-default\">Numer telefonu: 690 380 809<\/h2>\t\t\t\t<\/div>\n\t\t\t\t<\/div>\n\t\t\t\t<div class=\"elementor-element elementor-element-f48d489 elementor-widget elementor-widget-text-editor\" data-id=\"f48d489\" data-element_type=\"widget\" data-widget_type=\"text-editor.default\">\n\t\t\t\t<div class=\"elementor-widget-container\">\n\t\t\t\t\t\t\t\t\t<p>Wysy\u0142aj\u0105c formularz wyra\u017casz zgod\u0119 na przetwarzanie danych osobowych zgodnie z\u00a0<a href=\"https:\/\/beautyinstitute.zabiegibeauty.pl\/?page_id=3\" target=\"_blank\" rel=\"nofollow noopener\">Polityk\u0105 Prywatno\u015bci.<\/a><\/p>\t\t\t\t\t\t\t\t<\/div>\n\t\t\t\t<\/div>\n\t\t\t\t\t<\/div>\n\t\t<\/div>\n\t\t\t\t\t<\/div>\n\t\t<\/section>\n\t\t\t\t<\/div>\n\t\t","protected":false},"excerpt":{"rendered":"<p>Oferta Specjalna Zapis Zapis na wizyt\u0119 100% Za Tob\u0105 0 % Dzi\u0119kujemy za zapis w formularzu.Kliknij przycisk poni\u017cej, aby zadzwoni\u0107 do salonui um\u00f3wi\u0107 dogodny dla Ciebie termin. Zadzwo\u0144 do salonu! Numer telefonu: 690 380 809 Wysy\u0142aj\u0105c formularz wyra\u017casz zgod\u0119 na przetwarzanie danych osobowych zgodnie z\u00a0Polityk\u0105 Prywatno\u015bci.<\/p>\n","protected":false},"author":1,"featured_media":0,"parent":0,"menu_order":0,"comment_status":"closed","ping_status":"closed","template":"elementor_canvas","meta":{"footnotes":""},"class_list":["post-182","page","type-page","status-publish","hentry"],"_links":{"self":[{"href":"https:\/\/beautyinstitute.zabiegibeauty.pl\/index.php?rest_route=\/wp\/v2\/pages\/182","targetHints":{"allow":["GET"]}}],"collection":[{"href":"https:\/\/beautyinstitute.zabiegibeauty.pl\/index.php?rest_route=\/wp\/v2\/pages"}],"about":[{"href":"https:\/\/beautyinstitute.zabiegibeauty.pl\/index.php?rest_route=\/wp\/v2\/types\/page"}],"author":[{"embeddable":true,"href":"https:\/\/beautyinstitute.zabiegibeauty.pl\/index.php?rest_route=\/wp\/v2\/users\/1"}],"replies":[{"embeddable":true,"href":"https:\/\/beautyinstitute.zabiegibeauty.pl\/index.php?rest_route=%2Fwp%2Fv2%2Fcomments&post=182"}],"version-history":[{"count":4,"href":"https:\/\/beautyinstitute.zabiegibeauty.pl\/index.php?rest_route=\/wp\/v2\/pages\/182\/revisions"}],"predecessor-version":[{"id":186,"href":"https:\/\/beautyinstitute.zabiegibeauty.pl\/index.php?rest_route=\/wp\/v2\/pages\/182\/revisions\/186"}],"wp:attachment":[{"href":"https:\/\/beautyinstitute.zabiegibeauty.pl\/index.php?rest_route=%2Fwp%2Fv2%2Fmedia&parent=182"}],"curies":[{"name":"wp","href":"https:\/\/api.w.org\/{rel}","templated":true}]}}